{"id":504,"date":"2022-12-06T13:27:44","date_gmt":"2022-12-06T16:27:44","guid":{"rendered":"http:\/\/ranking.liganacionalkungfu.com.br\/?page_id=504"},"modified":"2023-01-21T22:22:08","modified_gmt":"2023-01-22T01:22:08","slug":"destaques-2021","status":"publish","type":"page","link":"https:\/\/ranking.liganacionalkungfu.com.br\/index.php\/15c42-web-agency-gb-home\/destaques-2021\/","title":{"rendered":"Destaques 2021"},"content":{"rendered":"\n<div class=\"wp-block-cover alignfull\" style=\"min-height:505px\"><span aria-hidden=\"true\" class=\"wp-block-cover__background has-background-dim-0 has-background-dim\"><\/span><img decoding=\"async\" loading=\"lazy\" width=\"2000\" height=\"1333\" class=\"wp-block-cover__image-background wp-image-361\" alt=\"ranking do 15\u00ba campeonato brasileiro de kung-fu\" src=\"https:\/\/ranking.liganacionalkungfu.com.br\/wp-content\/uploads\/2022\/04\/fundo-site.png\" style=\"object-position:50% 64%\" data-object-fit=\"cover\" data-object-position=\"50% 64%\" srcset=\"https:\/\/ranking.liganacionalkungfu.com.br\/wp-content\/uploads\/2022\/04\/fundo-site.png 2000w, https:\/\/ranking.liganacionalkungfu.com.br\/wp-content\/uploads\/2022\/04\/fundo-site-300x200.png 300w, https:\/\/ranking.liganacionalkungfu.com.br\/wp-content\/uploads\/2022\/04\/fundo-site-1024x682.png 1024w, https:\/\/ranking.liganacionalkungfu.com.br\/wp-content\/uploads\/2022\/04\/fundo-site-768x512.png 768w, https:\/\/ranking.liganacionalkungfu.com.br\/wp-content\/uploads\/2022\/04\/fundo-site-1536x1024.png 1536w, https:\/\/ranking.liganacionalkungfu.com.br\/wp-content\/uploads\/2022\/04\/fundo-site-930x620.png 930w\" sizes=\"(max-width: 2000px) 100vw, 2000px\" \/><div class=\"wp-block-cover__inner-container\">\n<h1 class=\"has-text-align-center has-text-color wp-block-heading\" style=\"color:#121212\"><mark style=\"background-color:rgba(0, 0, 0, 0)\" class=\"has-inline-color has-nv-text-dark-bg-color\">Destaques Campeonato Brasileiro 2021<\/mark><\/h1>\n<\/div><\/div>\n\n\n\n<h2 class=\"has-text-align-center has-background wp-block-heading\" style=\"background-color:#ff0000\">EM BREVE | DESTAQUES 2022 | AGUARDE&#8230;<\/h2>\n\n\n\n<h2 class=\"has-text-align-center wp-block-heading\">KFMVP 2022<\/h2>\n\n\n\n<p>Reconhecimento para equipes, atletas, patrocinadores e \u00e1rbitros que fizeram a diferen\u00e7a na Liga Nacional de Kung-Fu nos \u00faltimos <strong>cinco anos seguidos.<\/strong><\/p>\n\n\n\n<h3 class=\"has-text-align-center wp-block-heading\">Patrocinadores<\/h3>\n\n\n\n<div class=\"wp-block-columns is-layout-flex wp-container-4\">\n<div class=\"wp-block-column is-layout-flow\"><div class=\"wp-block-image icon-style is-style-default\">\n<figure class=\"aligncenter size-full\"><img decoding=\"async\" loading=\"lazy\" width=\"300\" height=\"300\" src=\"https:\/\/ranking.liganacionalkungfu.com.br\/wp-content\/uploads\/2023\/01\/jugui-logo.png\" alt=\"\" class=\"wp-image-556\" title=\"\" srcset=\"https:\/\/ranking.liganacionalkungfu.com.br\/wp-content\/uploads\/2023\/01\/jugui-logo.png 300w, https:\/\/ranking.liganacionalkungfu.com.br\/wp-content\/uploads\/2023\/01\/jugui-logo-150x150.png 150w\" sizes=\"(max-width: 300px) 100vw, 300px\" \/><\/figure><\/div>\n\n\n<h3 class=\"has-text-align-center has-neve-text-color-color has-text-color wp-block-heading\">Jugui<\/h3>\n\n\n\n<p class=\"has-text-align-center\">Site: <a href=\"https:\/\/loja.jugui.com.br\" target=\"_blank\" rel=\"noopener\" title=\"\">https:\/\/loja.jugui.com.br<\/a>\/<\/p>\n\n\n\n<div style=\"height:20px\" aria-hidden=\"true\" class=\"wp-block-spacer\"><\/div>\n<\/div>\n\n\n\n<div class=\"wp-block-column is-layout-flow\"><div class=\"wp-block-image icon-style is-style-default\">\n<figure class=\"aligncenter size-full\"><img decoding=\"async\" loading=\"lazy\" width=\"300\" height=\"300\" src=\"https:\/\/ranking.liganacionalkungfu.com.br\/wp-content\/uploads\/2023\/01\/cosama-logo.png\" alt=\"\" class=\"wp-image-555\" title=\"\" srcset=\"https:\/\/ranking.liganacionalkungfu.com.br\/wp-content\/uploads\/2023\/01\/cosama-logo.png 300w, https:\/\/ranking.liganacionalkungfu.com.br\/wp-content\/uploads\/2023\/01\/cosama-logo-150x150.png 150w\" sizes=\"(max-width: 300px) 100vw, 300px\" \/><\/figure><\/div>\n\n\n<h3 class=\"has-text-align-center has-neve-text-color-color has-text-color wp-block-heading\">Cosama<\/h3>\n\n\n\n<p class=\"has-text-align-center\">Site: <a href=\"https:\/\/www.cosamapro.com.br\/\" target=\"_blank\" rel=\"noopener\" title=\"\">https:\/\/www.cosamapro.com.br\/<\/a><\/p>\n\n\n\n<div style=\"height:20px\" aria-hidden=\"true\" class=\"wp-block-spacer\"><\/div>\n<\/div>\n\n\n\n<div class=\"wp-block-column is-layout-flow\"><div class=\"wp-block-image icon-style is-style-default\">\n<figure class=\"aligncenter size-full\"><img decoding=\"async\" loading=\"lazy\" width=\"300\" height=\"300\" src=\"https:\/\/ranking.liganacionalkungfu.com.br\/wp-content\/uploads\/2023\/01\/logo-pequeno.png\" alt=\"\" class=\"wp-image-554\" title=\"\" srcset=\"https:\/\/ranking.liganacionalkungfu.com.br\/wp-content\/uploads\/2023\/01\/logo-pequeno.png 300w, https:\/\/ranking.liganacionalkungfu.com.br\/wp-content\/uploads\/2023\/01\/logo-pequeno-150x150.png 150w\" sizes=\"(max-width: 300px) 100vw, 300px\" \/><\/figure><\/div>\n\n\n<h3 class=\"has-text-align-center has-neve-text-color-color has-text-color wp-block-heading\">Bar do Pequeno<\/h3>\n\n\n\n<p class=\"has-text-align-center\">Site: <a href=\"https:\/\/www.bardopequeno.com.br\/\" target=\"_blank\" rel=\"noopener\" title=\"\">https:\/\/www.bardopequeno.com.br\/<\/a><\/p>\n\n\n\n<div style=\"height:20px\" aria-hidden=\"true\" class=\"wp-block-spacer\"><\/div>\n<\/div>\n<\/div>\n\n\n\n<h3 class=\"has-text-align-center wp-block-heading\">Equipes<\/h3>\n\n\n\n<div class=\"wp-block-columns is-layout-flex wp-container-8\">\n<div class=\"wp-block-column is-layout-flow\"><div class=\"wp-block-image icon-style is-style-rounded\">\n<figure class=\"aligncenter size-thumbnail\"><img decoding=\"async\" loading=\"lazy\" width=\"150\" height=\"150\" src=\"https:\/\/ranking.liganacionalkungfu.com.br\/wp-content\/uploads\/2023\/01\/logo-d-lions-150x150.jpg\" alt=\"\" class=\"wp-image-560\" title=\"\" srcset=\"https:\/\/ranking.liganacionalkungfu.com.br\/wp-content\/uploads\/2023\/01\/logo-d-lions-150x150.jpg 150w, https:\/\/ranking.liganacionalkungfu.com.br\/wp-content\/uploads\/2023\/01\/logo-d-lions-300x300.jpg 300w, https:\/\/ranking.liganacionalkungfu.com.br\/wp-content\/uploads\/2023\/01\/logo-d-lions.jpg 455w\" sizes=\"(max-width: 150px) 100vw, 150px\" \/><figcaption class=\"wp-element-caption\">Cidade: Diadema-SP<\/figcaption><\/figure><\/div>\n\n\n<h3 class=\"has-text-align-center has-neve-text-color-color has-text-color wp-block-heading\">D-Lions Kung-Fu<\/h3>\n\n\n\n<p class=\"has-text-align-center\"><a href=\"https:\/\/www.facebook.com\/DLIONSKUNGFU\/\" target=\"_blank\" rel=\"noopener\" title=\"Facebook \">Facebook <\/a>| <a href=\"https:\/\/www.instagram.com\/escoladlionskungfu\/\" target=\"_blank\" rel=\"noopener\" title=\"Instagram\">Instagram<\/a><\/p>\n\n\n\n<div style=\"height:20px\" aria-hidden=\"true\" class=\"wp-block-spacer\"><\/div>\n<\/div>\n\n\n\n<div class=\"wp-block-column is-layout-flow\"><div class=\"wp-block-image icon-style is-style-rounded\">\n<figure class=\"aligncenter size-thumbnail\"><img decoding=\"async\" loading=\"lazy\" width=\"150\" height=\"150\" src=\"https:\/\/ranking.liganacionalkungfu.com.br\/wp-content\/uploads\/2023\/01\/fxtremelogo-150x150.png\" alt=\"\" class=\"wp-image-561\" title=\"\"\/><figcaption class=\"wp-element-caption\">Cidade: Vinhedo-SP<\/figcaption><\/figure><\/div>\n\n\n<h3 class=\"has-text-align-center has-neve-text-color-color has-text-color wp-block-heading\">Escola de Sanda FX-Treme Freedom<\/h3>\n\n\n\n<p class=\"has-text-align-center\"><a href=\"https:\/\/www.facebook.com\/fxtreme.sanda\/\" target=\"_blank\" rel=\"noopener\" title=\"Facebook \">Facebook <\/a>| <a href=\"https:\/\/www.instagram.com\/trajanonovavinhedo\/\" target=\"_blank\" rel=\"noopener\" title=\"Instagram\">Instagram<\/a><\/p>\n\n\n\n<div style=\"height:20px\" aria-hidden=\"true\" class=\"wp-block-spacer\"><\/div>\n<\/div>\n\n\n\n<div class=\"wp-block-column is-layout-flow\"><div class=\"wp-block-image icon-style is-style-rounded\">\n<figure class=\"aligncenter size-thumbnail\"><img decoding=\"async\" loading=\"lazy\" width=\"150\" height=\"150\" src=\"https:\/\/ranking.liganacionalkungfu.com.br\/wp-content\/uploads\/2022\/04\/fut-gar-ze-antonio-150x150.png\" alt=\"\" class=\"wp-image-369\" title=\"\" srcset=\"https:\/\/ranking.liganacionalkungfu.com.br\/wp-content\/uploads\/2022\/04\/fut-gar-ze-antonio-150x150.png 150w, https:\/\/ranking.liganacionalkungfu.com.br\/wp-content\/uploads\/2022\/04\/fut-gar-ze-antonio-300x300.png 300w, https:\/\/ranking.liganacionalkungfu.com.br\/wp-content\/uploads\/2022\/04\/fut-gar-ze-antonio.png 500w\" sizes=\"(max-width: 150px) 100vw, 150px\" \/><figcaption class=\"wp-element-caption\">Cidade: Tatu\u00ed-SP<\/figcaption><\/figure><\/div>\n\n\n<h3 class=\"has-text-align-center has-neve-text-color-color has-text-color wp-block-heading\">Fut Gar Tigers of Choy Lee Fut<\/h3>\n\n\n\n<p class=\"has-text-align-center\"><a href=\"https:\/\/www.facebook.com\/futgartatui\/\" target=\"_blank\" rel=\"noopener\" title=\"Facebook \">Facebook <\/a>| <a href=\"https:\/\/www.instagram.com\/joseantoniokungfu\/\" target=\"_blank\" rel=\"noopener\" title=\"Instagram\">Instagram<\/a><\/p>\n\n\n\n<div style=\"height:20px\" aria-hidden=\"true\" class=\"wp-block-spacer\"><\/div>\n<\/div>\n<\/div>\n\n\n\n<div class=\"wp-block-columns is-layout-flex wp-container-12\">\n<div class=\"wp-block-column is-layout-flow\"><div class=\"wp-block-image icon-style is-style-rounded\">\n<figure class=\"aligncenter size-thumbnail\"><img decoding=\"async\" loading=\"lazy\" width=\"150\" height=\"150\" src=\"https:\/\/ranking.liganacionalkungfu.com.br\/wp-content\/uploads\/2023\/01\/triade-logo-150x150.png\" alt=\"\" class=\"wp-image-566\" title=\"\" srcset=\"https:\/\/ranking.liganacionalkungfu.com.br\/wp-content\/uploads\/2023\/01\/triade-logo-150x150.png 150w, https:\/\/ranking.liganacionalkungfu.com.br\/wp-content\/uploads\/2023\/01\/triade-logo.png 300w\" sizes=\"(max-width: 150px) 100vw, 150px\" \/><figcaption class=\"wp-element-caption\">Cidade: Serra Negra-SP<\/figcaption><\/figure><\/div>\n\n\n<h3 class=\"has-text-align-center has-neve-text-color-color has-text-color wp-block-heading\">Tr\u00edade Kung-Fu<\/h3>\n\n\n\n<p class=\"has-text-align-center\"><a href=\"https:\/\/www.facebook.com\/people\/Tr%C3%ADade-Kung-fu-e-Sanda\/100039991403000\/\" target=\"_blank\" rel=\"noopener\" title=\"Facebook \">Facebook <\/a>| <a href=\"https:\/\/www.instagram.com\/triadekungfuesanda\/\" target=\"_blank\" rel=\"noopener\" title=\"Instagram\">Instagram<\/a><\/p>\n\n\n\n<div style=\"height:20px\" aria-hidden=\"true\" class=\"wp-block-spacer\"><\/div>\n<\/div>\n\n\n\n<div class=\"wp-block-column is-layout-flow\"><div class=\"wp-block-image icon-style is-style-rounded\">\n<figure class=\"aligncenter size-thumbnail\"><img decoding=\"async\" loading=\"lazy\" width=\"150\" height=\"150\" src=\"https:\/\/ranking.liganacionalkungfu.com.br\/wp-content\/uploads\/2023\/01\/277791999_307036068216380_5154953114931675867_n-150x150.jpg\" alt=\"\" class=\"wp-image-568\" title=\"\" srcset=\"https:\/\/ranking.liganacionalkungfu.com.br\/wp-content\/uploads\/2023\/01\/277791999_307036068216380_5154953114931675867_n-150x150.jpg 150w, https:\/\/ranking.liganacionalkungfu.com.br\/wp-content\/uploads\/2023\/01\/277791999_307036068216380_5154953114931675867_n-300x300.jpg 300w, https:\/\/ranking.liganacionalkungfu.com.br\/wp-content\/uploads\/2023\/01\/277791999_307036068216380_5154953114931675867_n.jpg 506w\" sizes=\"(max-width: 150px) 100vw, 150px\" \/><figcaption class=\"wp-element-caption\">Cidade: Foz do Igua\u00e7u-PR<\/figcaption><\/figure><\/div>\n\n\n<h3 class=\"has-text-align-center has-neve-text-color-color has-text-color wp-block-heading\">Soto Sanshou Team<\/h3>\n\n\n\n<p class=\"has-text-align-center\"><a href=\"https:\/\/www.facebook.com\/profile.php?id=100067299676088\" target=\"_blank\" rel=\"noopener\" title=\"Facebook \">Facebook <\/a>| <a href=\"https:\/\/instagram.com\/sotoboxechines\" target=\"_blank\" rel=\"noopener\" title=\"Instagram\">Instagram<\/a><\/p>\n\n\n\n<div style=\"height:20px\" aria-hidden=\"true\" class=\"wp-block-spacer\"><\/div>\n<\/div>\n\n\n\n<div class=\"wp-block-column is-layout-flow\"><div class=\"wp-block-image icon-style is-style-rounded\">\n<figure class=\"aligncenter size-thumbnail\"><img decoding=\"async\" loading=\"lazy\" width=\"150\" height=\"150\" src=\"https:\/\/ranking.liganacionalkungfu.com.br\/wp-content\/uploads\/2023\/01\/WhatsApp-Image-2023-01-21-at-21.30.57-150x150.jpeg\" alt=\"\" class=\"wp-image-570\" title=\"\"\/><figcaption class=\"wp-element-caption\">Cidade: Guaira-PR<\/figcaption><\/figure><\/div>\n\n\n<h3 class=\"has-text-align-center has-neve-text-color-color has-text-color wp-block-heading\">Equipe Professor Barreto<\/h3>\n\n\n\n<p class=\"has-text-align-center\"><a href=\"https:\/\/www.facebook.com\/profile.php?id=100057060985946\" target=\"_blank\" rel=\"noopener\" title=\"Facebook \">Facebook <\/a>| <a href=\"https:\/\/www.instagram.com\/academiaprofessorbarreto\/\" target=\"_blank\" rel=\"noopener\" title=\"Instagram\">Instagram<\/a><\/p>\n\n\n\n<div style=\"height:20px\" aria-hidden=\"true\" class=\"wp-block-spacer\"><\/div>\n<\/div>\n<\/div>\n\n\n\n<h3 class=\"has-text-align-center wp-block-heading\">Atletas<\/h3>\n\n\n\n<div class=\"wp-block-columns is-layout-flex wp-container-15\">\n<div class=\"wp-block-column is-layout-flow\"><div class=\"wp-block-image icon-style is-style-rounded\">\n<figure class=\"aligncenter size-large is-resized\"><img decoding=\"async\" loading=\"lazy\" src=\"https:\/\/ranking.liganacionalkungfu.com.br\/wp-content\/uploads\/2022\/04\/kayki-1024x1024.jpg\" alt=\"\" class=\"wp-image-376\" width=\"243\" height=\"243\" title=\"\" srcset=\"https:\/\/ranking.liganacionalkungfu.com.br\/wp-content\/uploads\/2022\/04\/kayki-1024x1024.jpg 1024w, https:\/\/ranking.liganacionalkungfu.com.br\/wp-content\/uploads\/2022\/04\/kayki-300x300.jpg 300w, https:\/\/ranking.liganacionalkungfu.com.br\/wp-content\/uploads\/2022\/04\/kayki-150x150.jpg 150w, https:\/\/ranking.liganacionalkungfu.com.br\/wp-content\/uploads\/2022\/04\/kayki-768x768.jpg 768w, https:\/\/ranking.liganacionalkungfu.com.br\/wp-content\/uploads\/2022\/04\/kayki.jpg 1440w\" sizes=\"(max-width: 243px) 100vw, 243px\" \/><figcaption class=\"wp-element-caption\">Cidade: Tatu\u00ed-SP<\/figcaption><\/figure><\/div>\n\n\n<h3 class=\"has-text-align-center has-neve-text-color-color has-text-color wp-block-heading\">Kayky Samuel<\/h3>\n\n\n\n<p class=\"has-text-align-center\">Equipe: Fut Gar Tatu\u00ed | Categoria: 85kg avan\u00e7ado adulto masculino<\/p>\n\n\n\n<p class=\"has-text-align-center\">Competiu e venceu em 2018, 2019, 2020 e 2021, vice-campe\u00e3o em 2022.<\/p>\n\n\n\n<div style=\"height:20px\" aria-hidden=\"true\" class=\"wp-block-spacer\"><\/div>\n<\/div>\n\n\n\n<div class=\"wp-block-column is-layout-flow\"><div class=\"wp-block-image icon-style is-style-rounded\">\n<figure class=\"aligncenter size-full is-resized\"><img decoding=\"async\" src=\"https:\/\/ranking.liganacionalkungfu.com.br\/wp-content\/uploads\/2022\/04\/gizele.jpg\" alt=\"\" class=\"wp-image-378\" width=\"243\" title=\"\" srcset=\"https:\/\/ranking.liganacionalkungfu.com.br\/wp-content\/uploads\/2022\/04\/gizele.jpg 656w, https:\/\/ranking.liganacionalkungfu.com.br\/wp-content\/uploads\/2022\/04\/gizele-300x300.jpg 300w, https:\/\/ranking.liganacionalkungfu.com.br\/wp-content\/uploads\/2022\/04\/gizele-150x150.jpg 150w\" sizes=\"(max-width: 656px) 100vw, 656px\" \/><figcaption class=\"wp-element-caption\">Cidade: Vinhedo-SP<\/figcaption><\/figure><\/div>\n\n\n<h3 class=\"has-text-align-center has-neve-text-color-color has-text-color wp-block-heading\">Gizele Gavazzi<\/h3>\n\n\n\n<p class=\"has-text-align-center\">Equipe: FX-Treme Freedom | Categoria: 65kg avan\u00e7ado adulto feminino<\/p>\n\n\n\n<p class=\"has-text-align-center\">Competiu e venceu em 2018, 2019, 2020, 2021 e 2022.<\/p>\n\n\n\n<div style=\"height:20px\" aria-hidden=\"true\" class=\"wp-block-spacer\"><\/div>\n<\/div>\n<\/div>\n\n\n\n<h2 class=\"has-text-align-center wp-block-heading\"><\/h2>\n","protected":false},"excerpt":{"rendered":"<p>EM BREVE | DESTAQUES 2022 | AGUARDE&#8230; KFMVP 2022 Reconhecimento para equipes, atletas, patrocinadores e \u00e1rbitros que fizeram a diferen\u00e7a na Liga Nacional de Kung-Fu nos \u00faltimos cinco anos seguidos. Patrocinadores Jugui Site: https:\/\/loja.jugui.com.br\/ Cosama Site: https:\/\/www.cosamapro.com.br\/ Bar do Pequeno Site: https:\/\/www.bardopequeno.com.br\/ Equipes D-Lions Kung-Fu Facebook | Instagram Escola de Sanda FX-Treme Freedom Facebook |&hellip;&nbsp;<a href=\"https:\/\/ranking.liganacionalkungfu.com.br\/index.php\/15c42-web-agency-gb-home\/destaques-2021\/\" class=\"\" rel=\"bookmark\">Read More &raquo;<span class=\"screen-reader-text\">Destaques 2021<\/span><\/a><\/p>\n","protected":false},"author":1,"featured_media":0,"parent":308,"menu_order":0,"comment_status":"closed","ping_status":"closed","template":"","meta":{"om_disable_all_campaigns":false,"neve_meta_sidebar":"default","neve_meta_container":"default","neve_meta_enable_content_width":"on","neve_meta_content_width":100,"neve_meta_title_alignment":"","neve_meta_author_avatar":"","neve_post_elements_order":"","neve_meta_disable_header":"","neve_meta_disable_footer":"","neve_meta_disable_title":"on","_ti_tpc_template_sync":false,"_ti_tpc_template_id":"cwhkd9lki581rusuhjti"},"aioseo_notices":[],"_links":{"self":[{"href":"https:\/\/ranking.liganacionalkungfu.com.br\/index.php\/wp-json\/wp\/v2\/pages\/504"}],"collection":[{"href":"https:\/\/ranking.liganacionalkungfu.com.br\/index.php\/wp-json\/wp\/v2\/pages"}],"about":[{"href":"https:\/\/ranking.liganacionalkungfu.com.br\/index.php\/wp-json\/wp\/v2\/types\/page"}],"author":[{"embeddable":true,"href":"https:\/\/ranking.liganacionalkungfu.com.br\/index.php\/wp-json\/wp\/v2\/users\/1"}],"replies":[{"embeddable":true,"href":"https:\/\/ranking.liganacionalkungfu.com.br\/index.php\/wp-json\/wp\/v2\/comments?post=504"}],"version-history":[{"count":13,"href":"https:\/\/ranking.liganacionalkungfu.com.br\/index.php\/wp-json\/wp\/v2\/pages\/504\/revisions"}],"predecessor-version":[{"id":572,"href":"https:\/\/ranking.liganacionalkungfu.com.br\/index.php\/wp-json\/wp\/v2\/pages\/504\/revisions\/572"}],"up":[{"embeddable":true,"href":"https:\/\/ranking.liganacionalkungfu.com.br\/index.php\/wp-json\/wp\/v2\/pages\/308"}],"wp:attachment":[{"href":"https:\/\/ranking.liganacionalkungfu.com.br\/index.php\/wp-json\/wp\/v2\/media?parent=504"}],"curies":[{"name":"wp","href":"https:\/\/api.w.org\/{rel}","templated":true}]}}