{"id":308,"date":"2020-01-13T11:17:52","date_gmt":"2020-01-13T14:17:52","guid":{"rendered":"https:\/\/demosites.io\/web-agency-gb\/?page_id=5"},"modified":"2023-02-12T09:45:07","modified_gmt":"2023-02-12T12:45:07","slug":"15c42-web-agency-gb-home","status":"publish","type":"page","link":"https:\/\/ranking.liganacionalkungfu.com.br\/","title":{"rendered":"Home"},"content":{"rendered":"\n<div class=\"wp-block-cover alignfull\" style=\"min-height:700px\"><span aria-hidden=\"true\" class=\"wp-block-cover__background has-background-dim-0 has-background-dim\"><\/span><img decoding=\"async\" loading=\"lazy\" width=\"2000\" height=\"1333\" class=\"wp-block-cover__image-background wp-image-361\" alt=\"ranking do 15\u00ba campeonato brasileiro de kung-fu\" src=\"https:\/\/ranking.liganacionalkungfu.com.br\/wp-content\/uploads\/2022\/04\/fundo-site.png\" style=\"object-position:50% 64%\" data-object-fit=\"cover\" data-object-position=\"50% 64%\" srcset=\"https:\/\/ranking.liganacionalkungfu.com.br\/wp-content\/uploads\/2022\/04\/fundo-site.png 2000w, https:\/\/ranking.liganacionalkungfu.com.br\/wp-content\/uploads\/2022\/04\/fundo-site-300x200.png 300w, https:\/\/ranking.liganacionalkungfu.com.br\/wp-content\/uploads\/2022\/04\/fundo-site-1024x682.png 1024w, https:\/\/ranking.liganacionalkungfu.com.br\/wp-content\/uploads\/2022\/04\/fundo-site-768x512.png 768w, https:\/\/ranking.liganacionalkungfu.com.br\/wp-content\/uploads\/2022\/04\/fundo-site-1536x1024.png 1536w, https:\/\/ranking.liganacionalkungfu.com.br\/wp-content\/uploads\/2022\/04\/fundo-site-930x620.png 930w\" sizes=\"(max-width: 2000px) 100vw, 2000px\" \/><div class=\"wp-block-cover__inner-container\">\n<div style=\"height:80px\" aria-hidden=\"true\" class=\"wp-block-spacer\"><\/div>\n\n\n\n<h1 class=\"has-text-align-center has-text-color wp-block-heading\" style=\"color:#121212\"><mark style=\"background-color:rgba(0, 0, 0, 0)\" class=\"has-inline-color has-nv-text-dark-bg-color\">Ranking do 16\u00ba Campeonato Brasileiro de Kung-Fu<\/mark><\/h1>\n\n\n\n<div class=\"wp-block-buttons is-horizontal is-content-justification-center is-layout-flex wp-container-1\">\n<div class=\"wp-block-button is-style-primary\"><a class=\"wp-block-button__link wp-element-button\" href=\"https:\/\/ranking.liganacionalkungfu.com.br\/index.php\/2022\/12\/24\/ranking-kung-fu-tradicional-2023\/\" target=\"_blank\" rel=\"noreferrer noopener\">Kung-Fu Tradicional<\/a><\/div>\n\n\n\n<div class=\"wp-block-button is-style-primary\"><a class=\"wp-block-button__link wp-element-button\" href=\"https:\/\/ranking.liganacionalkungfu.com.br\/index.php\/2022\/12\/06\/ranking-sanda-2022\/\" target=\"_blank\" rel=\"noreferrer noopener\">Sanda<\/a><\/div>\n<\/div>\n\n\n\n<iframe loading=\"lazy\" src=\"https:\/\/docs.google.com\/forms\/d\/e\/1FAIpQLSddPRKrFLxG5SNvmG9JBHgtEPRMXZJ_Q9EXAwOVAM9VknZdVQ\/viewform?embedded=true\" width=\"640\" height=\"887\" frameborder=\"0\" marginheight=\"0\" marginwidth=\"0\">Carregando\u2026<\/iframe>\n<\/div><\/div>\n\n\n\n<div class=\"wp-block-buttons is-layout-flex\">\n<div class=\"wp-block-button aligncenter\"><a class=\"wp-block-button__link wp-element-button\" href=\"https:\/\/ranking.liganacionalkungfu.com.br\/index.php\/destaques-2021\/\" target=\"_blank\" rel=\"noreferrer noopener\">CONFIRA OS DESTAQUES 2021 AQUI<\/a><\/div>\n<\/div>\n\n\n\n<h2 class=\"has-text-align-center wp-block-heading\">KFMVP &#8211; Destaques de regularidade<\/h2>\n\n\n\n<p>Reconhecimento para equipes, atletas, patrocinadores e \u00e1rbitros que fizeram a diferen\u00e7a na Liga Nacional de Kung-Fu nos \u00faltimos 5 anos. <\/p>\n\n\n\n<h3 class=\"has-text-align-center wp-block-heading\">Patrocinadores<\/h3>\n\n\n\n<div class=\"wp-block-columns is-layout-flex wp-container-7\">\n<div class=\"wp-block-column is-layout-flow\"><div class=\"wp-block-image icon-style is-style-default\">\n<figure class=\"aligncenter size-full\"><img decoding=\"async\" loading=\"lazy\" width=\"300\" height=\"300\" src=\"https:\/\/ranking.liganacionalkungfu.com.br\/wp-content\/uploads\/2023\/01\/jugui-logo.png\" alt=\"\" class=\"wp-image-556\" title=\"\" srcset=\"https:\/\/ranking.liganacionalkungfu.com.br\/wp-content\/uploads\/2023\/01\/jugui-logo.png 300w, https:\/\/ranking.liganacionalkungfu.com.br\/wp-content\/uploads\/2023\/01\/jugui-logo-150x150.png 150w\" sizes=\"(max-width: 300px) 100vw, 300px\" \/><\/figure><\/div>\n\n\n<h3 class=\"has-text-align-center has-neve-text-color-color has-text-color wp-block-heading\">Jugui<\/h3>\n\n\n\n<p class=\"has-text-align-center\"><strong>Site:<\/strong> <a href=\"https:\/\/loja.jugui.com.br\/\" target=\"_blank\" rel=\"noopener\" title=\"\">https:\/\/loja.jugui.com.br\/<\/a><\/p>\n\n\n\n<div style=\"height:20px\" aria-hidden=\"true\" class=\"wp-block-spacer\"><\/div>\n<\/div>\n\n\n\n<div class=\"wp-block-column is-layout-flow\"><div class=\"wp-block-image icon-style is-style-default\">\n<figure class=\"aligncenter size-full\"><img decoding=\"async\" loading=\"lazy\" width=\"300\" height=\"300\" src=\"https:\/\/ranking.liganacionalkungfu.com.br\/wp-content\/uploads\/2023\/01\/cosama-logo.png\" alt=\"\" class=\"wp-image-555\" title=\"\" srcset=\"https:\/\/ranking.liganacionalkungfu.com.br\/wp-content\/uploads\/2023\/01\/cosama-logo.png 300w, https:\/\/ranking.liganacionalkungfu.com.br\/wp-content\/uploads\/2023\/01\/cosama-logo-150x150.png 150w\" sizes=\"(max-width: 300px) 100vw, 300px\" \/><\/figure><\/div>\n\n\n<h3 class=\"has-text-align-center has-neve-text-color-color has-text-color wp-block-heading\">Cosama<\/h3>\n\n\n\n<p class=\"has-text-align-center\"><strong>Site:<\/strong> <a href=\"https:\/\/www.cosamapro.com.br\/\" target=\"_blank\" rel=\"noopener\" title=\"\">https:\/\/www.cosamapro.com.br\/<\/a><\/p>\n\n\n\n<div style=\"height:20px\" aria-hidden=\"true\" class=\"wp-block-spacer\"><\/div>\n<\/div>\n\n\n\n<div class=\"wp-block-column is-vertically-aligned-center is-layout-flow\"><div class=\"wp-block-image icon-style is-style-default\">\n<figure class=\"aligncenter size-full\"><img decoding=\"async\" loading=\"lazy\" width=\"491\" height=\"164\" src=\"https:\/\/ranking.liganacionalkungfu.com.br\/wp-content\/uploads\/2023\/02\/vinhedo-sonorizacao-ideal.png\" alt=\"\" class=\"wp-image-609\" title=\"\" srcset=\"https:\/\/ranking.liganacionalkungfu.com.br\/wp-content\/uploads\/2023\/02\/vinhedo-sonorizacao-ideal.png 491w, https:\/\/ranking.liganacionalkungfu.com.br\/wp-content\/uploads\/2023\/02\/vinhedo-sonorizacao-ideal-300x100.png 300w\" sizes=\"(max-width: 491px) 100vw, 491px\" \/><\/figure><\/div>\n\n\n<p><\/p>\n\n\n\n<h3 class=\"has-text-align-center has-neve-text-color-color has-text-color wp-block-heading\">Vinhedo Sonoriza\u00e7\u00e3o<\/h3>\n\n\n\n<p class=\"has-text-align-center\"><strong>Site:<\/strong> <a href=\"http:\/\/www.vinhedosonorizacao.com.br\/\" target=\"_blank\" rel=\"noopener\" title=\"\">http:\/\/www.vinhedosonorizacao.com.br\/<\/a><\/p>\n\n\n\n<div style=\"height:20px\" aria-hidden=\"true\" class=\"wp-block-spacer\"><\/div>\n<\/div>\n\n\n\n<div class=\"wp-block-column is-layout-flow\"><div class=\"wp-block-image icon-style is-style-default\">\n<figure class=\"aligncenter size-full\"><img decoding=\"async\" loading=\"lazy\" width=\"300\" height=\"300\" src=\"https:\/\/ranking.liganacionalkungfu.com.br\/wp-content\/uploads\/2023\/01\/logo-pequeno.png\" alt=\"\" class=\"wp-image-554\" title=\"\" srcset=\"https:\/\/ranking.liganacionalkungfu.com.br\/wp-content\/uploads\/2023\/01\/logo-pequeno.png 300w, https:\/\/ranking.liganacionalkungfu.com.br\/wp-content\/uploads\/2023\/01\/logo-pequeno-150x150.png 150w\" sizes=\"(max-width: 300px) 100vw, 300px\" \/><\/figure><\/div>\n\n\n<h3 class=\"has-text-align-center has-neve-text-color-color has-text-color wp-block-heading\">Bar do Pequeno<\/h3>\n\n\n\n<p class=\"has-text-align-center\"><strong>Site: <\/strong><a href=\"https:\/\/www.bardopequeno.com.br\/\" target=\"_blank\" rel=\"noopener\" title=\"\">https:\/\/www.bardopequeno.com.br\/<\/a><\/p>\n\n\n\n<div style=\"height:20px\" aria-hidden=\"true\" class=\"wp-block-spacer\"><\/div>\n<\/div>\n<\/div>\n\n\n\n<h3 class=\"has-text-align-center wp-block-heading\">Equipes<\/h3>\n\n\n\n<div class=\"wp-block-columns is-layout-flex wp-container-11\">\n<div class=\"wp-block-column is-layout-flow\"><div class=\"wp-block-image icon-style is-style-rounded\">\n<figure class=\"aligncenter size-thumbnail\"><img decoding=\"async\" loading=\"lazy\" width=\"150\" height=\"150\" src=\"https:\/\/ranking.liganacionalkungfu.com.br\/wp-content\/uploads\/2023\/01\/logo-d-lions-150x150.jpg\" alt=\"\" class=\"wp-image-560\" title=\"\" srcset=\"https:\/\/ranking.liganacionalkungfu.com.br\/wp-content\/uploads\/2023\/01\/logo-d-lions-150x150.jpg 150w, https:\/\/ranking.liganacionalkungfu.com.br\/wp-content\/uploads\/2023\/01\/logo-d-lions-300x300.jpg 300w, https:\/\/ranking.liganacionalkungfu.com.br\/wp-content\/uploads\/2023\/01\/logo-d-lions.jpg 455w\" sizes=\"(max-width: 150px) 100vw, 150px\" \/><figcaption class=\"wp-element-caption\">Cidade: Diadema-SP<\/figcaption><\/figure><\/div>\n\n\n<h3 class=\"has-text-align-center has-neve-text-color-color has-text-color wp-block-heading\">D-Lions Kung-Fu<\/h3>\n\n\n\n<p class=\"has-text-align-center\"><a href=\"https:\/\/web.facebook.com\/DLIONSKUNGFU\/?_rdc=1&amp;_rdr\" target=\"_blank\" rel=\"noopener\" title=\"Facebook \">Facebook <\/a>| <a href=\"https:\/\/www.instagram.com\/escoladlionskungfu\/\" target=\"_blank\" rel=\"noopener\" title=\"Instagram\">Instagram<\/a><\/p>\n<\/div>\n\n\n\n<div class=\"wp-block-column is-layout-flow\"><div class=\"wp-block-image icon-style is-style-rounded\">\n<figure class=\"aligncenter size-thumbnail\"><img decoding=\"async\" loading=\"lazy\" width=\"150\" height=\"150\" src=\"https:\/\/ranking.liganacionalkungfu.com.br\/wp-content\/uploads\/2023\/01\/fx-treme-logo-150x150.png\" alt=\"\" class=\"wp-image-575\" title=\"\" srcset=\"https:\/\/ranking.liganacionalkungfu.com.br\/wp-content\/uploads\/2023\/01\/fx-treme-logo-150x150.png 150w, https:\/\/ranking.liganacionalkungfu.com.br\/wp-content\/uploads\/2023\/01\/fx-treme-logo.png 300w\" sizes=\"(max-width: 150px) 100vw, 150px\" \/><figcaption class=\"wp-element-caption\">Cidade: Vinhedo-SP<\/figcaption><\/figure><\/div>\n\n\n<h3 class=\"has-text-align-center has-neve-text-color-color has-text-color wp-block-heading\">Escola de Sanda FX-Treme Freedom<\/h3>\n\n\n\n<p class=\"has-text-align-center\"><a href=\"https:\/\/web.facebook.com\/fxtreme.sanda\" target=\"_blank\" rel=\"noopener\" title=\"Facebook \">Facebook <\/a>| <a href=\"https:\/\/www.instagram.com\/trajanonovavinhedo\/\" target=\"_blank\" rel=\"noopener\" title=\"Instagram\">Instagram<\/a><\/p>\n<\/div>\n\n\n\n<div class=\"wp-block-column is-layout-flow\"><div class=\"wp-block-image icon-style is-style-rounded\">\n<figure class=\"aligncenter size-thumbnail\"><img decoding=\"async\" loading=\"lazy\" width=\"150\" height=\"150\" src=\"https:\/\/ranking.liganacionalkungfu.com.br\/wp-content\/uploads\/2023\/01\/triade-logo-150x150.png\" alt=\"\" class=\"wp-image-566\" title=\"\" srcset=\"https:\/\/ranking.liganacionalkungfu.com.br\/wp-content\/uploads\/2023\/01\/triade-logo-150x150.png 150w, https:\/\/ranking.liganacionalkungfu.com.br\/wp-content\/uploads\/2023\/01\/triade-logo.png 300w\" sizes=\"(max-width: 150px) 100vw, 150px\" \/><figcaption class=\"wp-element-caption\">Cidade: Serra Negra-SP<\/figcaption><\/figure><\/div>\n\n\n<h3 class=\"has-text-align-center has-neve-text-color-color has-text-color wp-block-heading\">Tr\u00edade Kung-Fu<\/h3>\n\n\n\n<p class=\"has-text-align-center\"><a href=\"https:\/\/web.facebook.com\/profile.php?id=100039991403000\" target=\"_blank\" rel=\"noopener\" title=\"Facebook \">Facebook <\/a>| <a href=\"https:\/\/www.instagram.com\/triadekungfuesanda\/\" target=\"_blank\" rel=\"noopener\" title=\"\">Instagram<\/a><\/p>\n<\/div>\n<\/div>\n\n\n\n<div class=\"wp-block-columns is-layout-flex wp-container-15\">\n<div class=\"wp-block-column is-layout-flow\"><div class=\"wp-block-image icon-style is-style-rounded\">\n<figure class=\"aligncenter size-thumbnail\"><img decoding=\"async\" loading=\"lazy\" width=\"150\" height=\"150\" src=\"https:\/\/ranking.liganacionalkungfu.com.br\/wp-content\/uploads\/2022\/04\/fut-gar-ze-antonio-150x150.png\" alt=\"\" class=\"wp-image-369\" title=\"\" srcset=\"https:\/\/ranking.liganacionalkungfu.com.br\/wp-content\/uploads\/2022\/04\/fut-gar-ze-antonio-150x150.png 150w, https:\/\/ranking.liganacionalkungfu.com.br\/wp-content\/uploads\/2022\/04\/fut-gar-ze-antonio-300x300.png 300w, https:\/\/ranking.liganacionalkungfu.com.br\/wp-content\/uploads\/2022\/04\/fut-gar-ze-antonio.png 500w\" sizes=\"(max-width: 150px) 100vw, 150px\" \/><figcaption class=\"wp-element-caption\">Cidade: Tatu\u00ed-SP<\/figcaption><\/figure><\/div>\n\n\n<h3 class=\"has-text-align-center has-neve-text-color-color has-text-color wp-block-heading\">Fut Gar Martial Arts<\/h3>\n\n\n\n<p class=\"has-text-align-center\"><a href=\"https:\/\/web.facebook.com\/futgartatui\" target=\"_blank\" rel=\"noopener\" title=\"\">Facebook <\/a>| <a href=\"https:\/\/www.instagram.com\/joseantoniokungfu\/\" target=\"_blank\" rel=\"noopener\" title=\"\">Instagram<\/a><\/p>\n<\/div>\n\n\n\n<div class=\"wp-block-column is-layout-flow\"><div class=\"wp-block-image icon-style is-style-rounded\">\n<figure class=\"aligncenter size-thumbnail\"><img decoding=\"async\" loading=\"lazy\" width=\"150\" height=\"150\" src=\"https:\/\/ranking.liganacionalkungfu.com.br\/wp-content\/uploads\/2023\/01\/277791999_307036068216380_5154953114931675867_n-150x150.jpg\" alt=\"\" class=\"wp-image-568\" title=\"\" srcset=\"https:\/\/ranking.liganacionalkungfu.com.br\/wp-content\/uploads\/2023\/01\/277791999_307036068216380_5154953114931675867_n-150x150.jpg 150w, https:\/\/ranking.liganacionalkungfu.com.br\/wp-content\/uploads\/2023\/01\/277791999_307036068216380_5154953114931675867_n-300x300.jpg 300w, https:\/\/ranking.liganacionalkungfu.com.br\/wp-content\/uploads\/2023\/01\/277791999_307036068216380_5154953114931675867_n.jpg 506w\" sizes=\"(max-width: 150px) 100vw, 150px\" \/><figcaption class=\"wp-element-caption\">Cidade: Foz do Igua\u00e7u-PR<\/figcaption><\/figure><\/div>\n\n\n<h3 class=\"has-text-align-center has-neve-text-color-color has-text-color wp-block-heading\">Soto Sanshou Team<\/h3>\n\n\n\n<p class=\"has-text-align-center\"><a href=\"https:\/\/web.facebook.com\/profile.php?id=100067299676088\" target=\"_blank\" rel=\"noopener\" title=\"\">Facebook <\/a>| <a href=\"https:\/\/www.instagram.com\/sotoboxechines\/\" target=\"_blank\" rel=\"noopener\" title=\"Instagram\">Instagram<\/a><\/p>\n<\/div>\n\n\n\n<div class=\"wp-block-column is-layout-flow\"><div class=\"wp-block-image icon-style is-style-rounded\">\n<figure class=\"aligncenter size-thumbnail\"><img decoding=\"async\" loading=\"lazy\" width=\"150\" height=\"150\" src=\"https:\/\/ranking.liganacionalkungfu.com.br\/wp-content\/uploads\/2023\/01\/WhatsApp-Image-2023-01-21-at-21.30.57-150x150.jpeg\" alt=\"\" class=\"wp-image-570\" title=\"\"\/><figcaption class=\"wp-element-caption\">Cidade: Gua\u00edra-PR<\/figcaption><\/figure><\/div>\n\n\n<h3 class=\"has-text-align-center has-neve-text-color-color has-text-color wp-block-heading\">Academia Professor Barreto<\/h3>\n\n\n\n<p class=\"has-text-align-center\"><a href=\"https:\/\/web.facebook.com\/profile.php?id=100057060985946\" target=\"_blank\" rel=\"noopener\" title=\"\">Facebook <\/a>| <a href=\"https:\/\/www.instagram.com\/academiaprofessorbarreto\/\" target=\"_blank\" rel=\"noopener\" title=\"\">Instagram<\/a><\/p>\n<\/div>\n<\/div>\n\n\n\n<h3 class=\"has-text-align-center wp-block-heading\">Atletas<\/h3>\n\n\n\n<div class=\"wp-block-columns is-layout-flex wp-container-18\">\n<div class=\"wp-block-column is-layout-flow\"><div class=\"wp-block-image icon-style is-style-rounded\">\n<figure class=\"aligncenter size-large is-resized\"><img decoding=\"async\" loading=\"lazy\" src=\"https:\/\/ranking.liganacionalkungfu.com.br\/wp-content\/uploads\/2022\/04\/kayki-1024x1024.jpg\" alt=\"\" class=\"wp-image-376\" width=\"243\" height=\"243\" title=\"\" srcset=\"https:\/\/ranking.liganacionalkungfu.com.br\/wp-content\/uploads\/2022\/04\/kayki-1024x1024.jpg 1024w, https:\/\/ranking.liganacionalkungfu.com.br\/wp-content\/uploads\/2022\/04\/kayki-300x300.jpg 300w, https:\/\/ranking.liganacionalkungfu.com.br\/wp-content\/uploads\/2022\/04\/kayki-150x150.jpg 150w, https:\/\/ranking.liganacionalkungfu.com.br\/wp-content\/uploads\/2022\/04\/kayki-768x768.jpg 768w, https:\/\/ranking.liganacionalkungfu.com.br\/wp-content\/uploads\/2022\/04\/kayki.jpg 1440w\" sizes=\"(max-width: 243px) 100vw, 243px\" \/><figcaption class=\"wp-element-caption\">Cidade: Tatu\u00ed-SP<\/figcaption><\/figure><\/div>\n\n\n<h3 class=\"has-text-align-center has-neve-text-color-color has-text-color wp-block-heading\">Kayky Samuel<\/h3>\n\n\n\n<p class=\"has-text-align-center\">Equipe: Fut Gar Tatu\u00ed | Categoria: 85kg avan\u00e7ado adulto masculino<\/p>\n\n\n\n<p class=\"has-text-align-center\">Competiu e venceu em 2018, 2019, 2020, 2021 e foi vice-campe\u00e3o em 2022.<\/p>\n\n\n\n<div style=\"height:20px\" aria-hidden=\"true\" class=\"wp-block-spacer\"><\/div>\n<\/div>\n\n\n\n<div class=\"wp-block-column is-layout-flow\"><div class=\"wp-block-image icon-style is-style-rounded\">\n<figure class=\"aligncenter size-full is-resized\"><img decoding=\"async\" src=\"https:\/\/ranking.liganacionalkungfu.com.br\/wp-content\/uploads\/2022\/04\/gizele.jpg\" alt=\"\" class=\"wp-image-378\" width=\"243\" title=\"\" srcset=\"https:\/\/ranking.liganacionalkungfu.com.br\/wp-content\/uploads\/2022\/04\/gizele.jpg 656w, https:\/\/ranking.liganacionalkungfu.com.br\/wp-content\/uploads\/2022\/04\/gizele-300x300.jpg 300w, https:\/\/ranking.liganacionalkungfu.com.br\/wp-content\/uploads\/2022\/04\/gizele-150x150.jpg 150w\" sizes=\"(max-width: 656px) 100vw, 656px\" \/><figcaption class=\"wp-element-caption\">Cidade: Vinhedo-SP<\/figcaption><\/figure><\/div>\n\n\n<h3 class=\"has-text-align-center has-neve-text-color-color has-text-color wp-block-heading\">Gizele Gavazzi<\/h3>\n\n\n\n<p class=\"has-text-align-center\">Equipe: FX-Treme Freedom | Categoria: 65kg avan\u00e7ado adulto feminino<\/p>\n\n\n\n<p class=\"has-text-align-center\">Competiu e venceu em 2018, 2019, 2020, 2021 e 2022.<\/p>\n\n\n\n<div style=\"height:20px\" aria-hidden=\"true\" class=\"wp-block-spacer\"><\/div>\n<\/div>\n<\/div>\n\n\n\n<h3 class=\"has-text-align-center wp-block-heading\">\u00c1rbitros<\/h3>\n\n\n\n<div class=\"wp-block-columns is-layout-flex wp-container-25\">\n<div class=\"wp-block-column is-layout-flow\">\n<div class=\"wp-block-group is-layout-constrained\"><div class=\"wp-block-group__inner-container\">\n<h3 class=\"has-text-align-center has-neve-text-color-color has-text-color wp-block-heading\">Rohrist Christian<\/h3>\n\n\n\n<p class=\"has-text-align-center\">Equipe: FX-Treme Freedom<\/p>\n<\/div><\/div>\n<\/div>\n\n\n\n<div class=\"wp-block-column is-layout-flow\">\n<div class=\"wp-block-group is-layout-constrained\"><div class=\"wp-block-group__inner-container\">\n<h3 class=\"has-text-align-center has-neve-text-color-color has-text-color wp-block-heading\">Guilherme Henrique Cirilo<\/h3>\n\n\n\n<p class=\"has-text-align-center\">Equipe: FX-Treme Freedom<\/p>\n<\/div><\/div>\n<\/div>\n\n\n\n<div class=\"wp-block-column is-layout-flow\">\n<div class=\"wp-block-group is-layout-constrained\"><div class=\"wp-block-group__inner-container\">\n<h3 class=\"has-text-align-center has-neve-text-color-color has-text-color wp-block-heading\">Solange Ramalho<\/h3>\n\n\n\n<p class=\"has-text-align-center\">Equipe: FX-Treme Freedom<\/p>\n<\/div><\/div>\n<\/div>\n<\/div>\n\n\n\n<div class=\"wp-block-columns is-layout-flex wp-container-32\">\n<div class=\"wp-block-column is-layout-flow\">\n<div class=\"wp-block-group is-layout-constrained\"><div class=\"wp-block-group__inner-container\">\n<h3 class=\"has-text-align-center has-neve-text-color-color has-text-color wp-block-heading\">Bruno R. Gon\u00e7alves<\/h3>\n\n\n\n<p class=\"has-text-align-center\">Equipe: FX-Treme Freedom<\/p>\n<\/div><\/div>\n<\/div>\n\n\n\n<div class=\"wp-block-column is-layout-flow\">\n<div class=\"wp-block-group is-layout-constrained\"><div class=\"wp-block-group__inner-container\">\n<h3 class=\"has-text-align-center has-neve-text-color-color has-text-color wp-block-heading\">Jos\u00e9 Ant\u00f4nio<\/h3>\n\n\n\n<p class=\"has-text-align-center\">Equipe: Fut Gar Martial Arts<\/p>\n<\/div><\/div>\n<\/div>\n\n\n\n<div class=\"wp-block-column is-layout-flow\">\n<div class=\"wp-block-group is-layout-constrained\"><div class=\"wp-block-group__inner-container\">\n<h3 class=\"has-text-align-center has-neve-text-color-color has-text-color wp-block-heading\">Heriton Jos\u00e9 Vieira<\/h3>\n\n\n\n<p class=\"has-text-align-center\">Equipe: Tr\u00edade Kung-Fu<\/p>\n<\/div><\/div>\n<\/div>\n<\/div>\n\n\n\n<div class=\"wp-block-columns is-layout-flex wp-container-37\">\n<div class=\"wp-block-column is-layout-flow\">\n<div class=\"wp-block-group is-layout-constrained\"><div class=\"wp-block-group__inner-container\">\n<h3 class=\"has-text-align-center has-neve-text-color-color has-text-color wp-block-heading\">Reinaldo Lucas Moreira<\/h3>\n\n\n\n<p class=\"has-text-align-center\">Equipe: Tr\u00edade Kung-Fu<\/p>\n<\/div><\/div>\n<\/div>\n\n\n\n<div class=\"wp-block-column is-layout-flow\">\n<div class=\"wp-block-group is-layout-constrained\"><div class=\"wp-block-group__inner-container\">\n<h3 class=\"has-text-align-center has-neve-text-color-color has-text-color wp-block-heading\">Vin\u00edcius Maranin Dei Santi<\/h3>\n\n\n\n<p class=\"has-text-align-center\">Equipe: Tr\u00edade Kung-Fu<\/p>\n<\/div><\/div>\n<\/div>\n<\/div>\n\n\n\n<h2 class=\"has-text-align-center wp-block-heading\">Destaque Parceria<\/h2>\n\n\n\n<p>Destaca equipes n\u00e3o-filiadas (que depois se filiaram ou n\u00e3o) que participaram dos eventos da LNKF nos \u00faltimos 3 anos.<\/p>\n\n\n\n<h3 class=\"wp-block-heading\">Equipes<\/h3>\n\n\n\n<p>F\u00eanix | Campestre-MG<\/p>\n\n\n\n<p>Ying Jow Pai | Mogi das Cruzes-SP<\/p>\n\n\n\n<p>Bien Hoo | Po\u00e7os de Caldas-SP<\/p>\n\n\n\n<p>Toca do Drag\u00e3o | S\u00e3o Jos\u00e9 dos Campos-SP<\/p>\n\n\n\n<h3 class=\"wp-block-heading\">Atletas<\/h3>\n\n\n\n<p>Washington Fernando | Equipe: Toca do Drag\u00e3o | S\u00e3o Jos\u00e9 dos Campos-SP<\/p>\n\n\n\n<p>Mauro Cesar | Equipe: Toca do Drag\u00e3o | S\u00e3o Jos\u00e9 dos Campos-SP<\/p>\n\n\n\n<p>Kauane Mendes | Equipe: F\u00eanix | Campestre-MG<\/p>\n\n\n\n<p>Leidiane Carvalho | Equipe: Toca do Drag\u00e3o | S\u00e3o Jos\u00e9 dos Campos-SP<\/p>\n\n\n\n<p>Daniele Morato Hergert | Equipe: D-Lions Kung-Fu | Diadema-SP<\/p>\n\n\n\n<h3 class=\"wp-block-heading\">\u00c1rbitros<\/h3>\n\n\n\n<p>Arlen Luciano Ribeiro | Equipe: F\u00eanix | Campestre-MG<\/p>\n\n\n\n<p>Robson Silva | Equipe: F\u00eanix | Campestre-MG<\/p>\n\n\n\n<p>Emerson Corr\u00eaa | Equipe: Bien Hoo | Campinas-SP<\/p>\n\n\n\n<p>Mar\u00e7al da Costa | Equipe: Bien Hoo | Campinas-SP<\/p>\n\n\n\n<p>Tafner Bonani | Equipe: Bien Hoo | Campinas-SP<\/p>\n\n\n\n<p>Dorival Ribeiro Novaes | Equipe: Bien Hoo | Campinas-SP<\/p>\n\n\n\n<h2 class=\"has-text-align-center wp-block-heading\">Estreante do ano<\/h2>\n\n\n\n<h3 class=\"wp-block-heading\">Equipes<\/h3>\n\n\n\n<p>Delega\u00e7\u00e3o Liga de Kung-Fu do Estado de Goi\u00e1s<\/p>\n\n\n\n<p>Delega\u00e7\u00e3o Minas Gerais <\/p>\n\n\n\n<p>Imp\u00e9rio do Sol Combat Sport | Cidade: Limeira-SP<\/p>\n\n\n\n<p>Boxe Chin\u00eas Piracicaba | Cidade: Piracicaba-SP<\/p>\n\n\n\n<p>Territ\u00f3rio Fight | Campinas-SP<\/p>\n\n\n\n<p>Dragon Academia | Franca-SP<\/p>\n\n\n\n<p>Arte Nobre | S\u00e3o Paulo-SP<\/p>\n\n\n\n<h3 class=\"wp-block-heading\">Atletas<\/h3>\n\n\n\n<p>Th\u00e9o Ferrari Luz | Equipe: Feng Xian | Valinhos-SP<\/p>\n\n\n\n<p>Karla Souza | Equipe: Imp\u00e9rio do Sol | Limeira-SP<\/p>\n\n\n\n<p>Ra\u00edssa Acerbi | Equipe: Serginho Team | Po\u00e7os de Caldas-MG<\/p>\n\n\n\n<p>Jordana Alves | Equipe: Ying Jow Pai | Mogi das Cruzes-SP<\/p>\n\n\n\n<p>Valentyna Ferreira Barros | Equipe: Delega\u00e7\u00e3o Liga de Kung-Fu do Estado de Goi\u00e1s <\/p>\n\n\n\n<p>Pamylla Ferreira Barros | Equipe: Delega\u00e7\u00e3o Liga de Kung-Fu do Estado de Goi\u00e1s<\/p>\n\n\n\n<p>Fabiana Vasco | Equipe: Arte Nobre | Cidade: S\u00e3o Paulo-SP<\/p>\n\n\n\n<p>H\u00e9lio de Paula | Equipe: Delega\u00e7\u00e3o Liga de Kung-Fu do Estado de Goi\u00e1s<\/p>\n\n\n\n<p>Adenilson dos Santos | Equipe: Academia Professor Barreto | Cidade: Gua\u00edra-PR<\/p>\n\n\n\n<p>Daivid Junio Ribeiro Mendes | Equipe: Arte Nobre | Cidade: S\u00e3o Paulo-SP <\/p>\n\n\n\n<p>Joelton H. J. Brito | Equipe: Dele\u00e7\u00e3o Liga de Kung-Fu do Estado de Goi\u00e1s<\/p>\n","protected":false},"excerpt":{"rendered":"<p>KFMVP &#8211; Destaques de regularidade Reconhecimento para equipes, atletas, patrocinadores e \u00e1rbitros que fizeram a diferen\u00e7a na Liga Nacional de Kung-Fu nos \u00faltimos 5 anos. Patrocinadores Jugui Site: https:\/\/loja.jugui.com.br\/ Cosama Site: https:\/\/www.cosamapro.com.br\/ Vinhedo Sonoriza\u00e7\u00e3o Site: http:\/\/www.vinhedosonorizacao.com.br\/ Bar do Pequeno Site: https:\/\/www.bardopequeno.com.br\/ Equipes D-Lions Kung-Fu Facebook | Instagram Escola de Sanda FX-Treme Freedom Facebook | Instagram&hellip;&nbsp;<a href=\"https:\/\/ranking.liganacionalkungfu.com.br\/\" class=\"\" rel=\"bookmark\">Read More &raquo;<span class=\"screen-reader-text\">Home<\/span><\/a><\/p>\n","protected":false},"author":1,"featured_media":0,"parent":0,"menu_order":0,"comment_status":"closed","ping_status":"closed","template":"","meta":{"om_disable_all_campaigns":false,"neve_meta_sidebar":"default","neve_meta_container":"default","neve_meta_enable_content_width":"on","neve_meta_content_width":100,"neve_meta_title_alignment":"","neve_meta_author_avatar":"","neve_post_elements_order":"","neve_meta_disable_header":"","neve_meta_disable_footer":"","neve_meta_disable_title":"on","_ti_tpc_template_sync":false,"_ti_tpc_template_id":"cwhkd9lki581rusuhjti"},"aioseo_notices":[],"_links":{"self":[{"href":"https:\/\/ranking.liganacionalkungfu.com.br\/index.php\/wp-json\/wp\/v2\/pages\/308"}],"collection":[{"href":"https:\/\/ranking.liganacionalkungfu.com.br\/index.php\/wp-json\/wp\/v2\/pages"}],"about":[{"href":"https:\/\/ranking.liganacionalkungfu.com.br\/index.php\/wp-json\/wp\/v2\/types\/page"}],"author":[{"embeddable":true,"href":"https:\/\/ranking.liganacionalkungfu.com.br\/index.php\/wp-json\/wp\/v2\/users\/1"}],"replies":[{"embeddable":true,"href":"https:\/\/ranking.liganacionalkungfu.com.br\/index.php\/wp-json\/wp\/v2\/comments?post=308"}],"version-history":[{"count":53,"href":"https:\/\/ranking.liganacionalkungfu.com.br\/index.php\/wp-json\/wp\/v2\/pages\/308\/revisions"}],"predecessor-version":[{"id":612,"href":"https:\/\/ranking.liganacionalkungfu.com.br\/index.php\/wp-json\/wp\/v2\/pages\/308\/revisions\/612"}],"wp:attachment":[{"href":"https:\/\/ranking.liganacionalkungfu.com.br\/index.php\/wp-json\/wp\/v2\/media?parent=308"}],"curies":[{"name":"wp","href":"https:\/\/api.w.org\/{rel}","templated":true}]}}